{"id":2035,"date":"2023-12-11T17:25:43","date_gmt":"2023-12-11T16:25:43","guid":{"rendered":"https:\/\/diane-piranda.fr\/?page_id=2035"},"modified":"2023-12-11T17:30:18","modified_gmt":"2023-12-11T16:30:18","slug":"mentions-legales","status":"publish","type":"page","link":"https:\/\/diane-piranda.fr\/index.php\/mentions-legales\/","title":{"rendered":"Mentions l\u00e9gales"},"content":{"rendered":"\t\t<div data-elementor-type=\"wp-page\" data-elementor-id=\"2035\" class=\"elementor elementor-2035\">\n\t\t\t\t\t\t\t\t\t<section class=\"elementor-section elementor-top-section elementor-element elementor-element-7ed3f2a elementor-section-boxed elementor-section-height-default elementor-section-height-default wpr-particle-no wpr-jarallax-no wpr-parallax-no wpr-sticky-section-no\" data-id=\"7ed3f2a\" data-element_type=\"section\">\n\t\t\t\t\t\t<div class=\"elementor-container elementor-column-gap-default\">\n\t\t\t\t\t<div class=\"elementor-column elementor-col-100 elementor-top-column elementor-element elementor-element-574d7d8\" data-id=\"574d7d8\" data-element_type=\"column\">\n\t\t\t<div class=\"elementor-widget-wrap elementor-element-populated\">\n\t\t\t\t\t\t\t\t<div class=\"elementor-element elementor-element-3dac339 elementor-widget elementor-widget-spacer\" data-id=\"3dac339\" data-element_type=\"widget\" data-widget_type=\"spacer.default\">\n\t\t\t\t<div class=\"elementor-widget-container\">\n\t\t\t<style>\/*! elementor - v3.17.0 - 08-11-2023 *\/\n.elementor-column .elementor-spacer-inner{height:var(--spacer-size)}.e-con{--container-widget-width:100%}.e-con-inner>.elementor-widget-spacer,.e-con>.elementor-widget-spacer{width:var(--container-widget-width,var(--spacer-size));--align-self:var(--container-widget-align-self,initial);--flex-shrink:0}.e-con-inner>.elementor-widget-spacer>.elementor-widget-container,.e-con>.elementor-widget-spacer>.elementor-widget-container{height:100%;width:100%}.e-con-inner>.elementor-widget-spacer>.elementor-widget-container>.elementor-spacer,.e-con>.elementor-widget-spacer>.elementor-widget-container>.elementor-spacer{height:100%}.e-con-inner>.elementor-widget-spacer>.elementor-widget-container>.elementor-spacer>.elementor-spacer-inner,.e-con>.elementor-widget-spacer>.elementor-widget-container>.elementor-spacer>.elementor-spacer-inner{height:var(--container-widget-height,var(--spacer-size))}.e-con-inner>.elementor-widget-spacer.elementor-widget-empty,.e-con>.elementor-widget-spacer.elementor-widget-empty{position:relative;min-height:22px;min-width:22px}.e-con-inner>.elementor-widget-spacer.elementor-widget-empty .elementor-widget-empty-icon,.e-con>.elementor-widget-spacer.elementor-widget-empty .elementor-widget-empty-icon{position:absolute;top:0;bottom:0;left:0;right:0;margin:auto;padding:0;width:22px;height:22px}<\/style>\t\t<div class=\"elementor-spacer\">\n\t\t\t<div class=\"elementor-spacer-inner\"><\/div>\n\t\t<\/div>\n\t\t\t\t<\/div>\n\t\t\t\t<\/div>\n\t\t\t\t\t<\/div>\n\t\t<\/div>\n\t\t\t\t\t\t\t<\/div>\n\t\t<\/section>\n\t\t\t\t<section class=\"elementor-section elementor-top-section elementor-element elementor-element-d2c7340 elementor-section-full_width elementor-section-height-default elementor-section-height-default wpr-particle-no wpr-jarallax-no wpr-parallax-no wpr-sticky-section-no\" data-id=\"d2c7340\" data-element_type=\"section\">\n\t\t\t\t\t\t<div class=\"elementor-container elementor-column-gap-default\">\n\t\t\t\t\t<div class=\"elementor-column elementor-col-100 elementor-top-column elementor-element elementor-element-2e97d93\" data-id=\"2e97d93\" data-element_type=\"column\">\n\t\t\t<div class=\"elementor-widget-wrap elementor-element-populated\">\n\t\t\t\t\t\t\t\t<div class=\"elementor-element elementor-element-5fb09ec elementor-widget elementor-widget-heading\" data-id=\"5fb09ec\" data-element_type=\"widget\" data-widget_type=\"heading.default\">\n\t\t\t\t<div class=\"elementor-widget-container\">\n\t\t\t<style>\/*! elementor - v3.17.0 - 08-11-2023 *\/\n.elementor-heading-title{padding:0;margin:0;line-height:1}.elementor-widget-heading .elementor-heading-title[class*=elementor-size-]>a{color:inherit;font-size:inherit;line-height:inherit}.elementor-widget-heading .elementor-heading-title.elementor-size-small{font-size:15px}.elementor-widget-heading .elementor-heading-title.elementor-size-medium{font-size:19px}.elementor-widget-heading .elementor-heading-title.elementor-size-large{font-size:29px}.elementor-widget-heading .elementor-heading-title.elementor-size-xl{font-size:39px}.elementor-widget-heading .elementor-heading-title.elementor-size-xxl{font-size:59px}<\/style><h2 class=\"elementor-heading-title elementor-size-default\">informations<br><span style=\"font-size: 200px; color:#AFA290\">l\u00e9gales<\/span><span style=\"font-size: 250px;\">.<\/span><\/h2>\t\t<\/div>\n\t\t\t\t<\/div>\n\t\t\t\t\t<\/div>\n\t\t<\/div>\n\t\t\t\t\t\t\t<\/div>\n\t\t<\/section>\n\t\t\t\t<section class=\"elementor-section elementor-top-section elementor-element elementor-element-a9a36de elementor-section-boxed elementor-section-height-default elementor-section-height-default wpr-particle-no wpr-jarallax-no wpr-parallax-no wpr-sticky-section-no\" data-id=\"a9a36de\" data-element_type=\"section\">\n\t\t\t\t\t\t<div class=\"elementor-container elementor-column-gap-default\">\n\t\t\t\t\t<div class=\"elementor-column elementor-col-100 elementor-top-column elementor-element elementor-element-6560584\" data-id=\"6560584\" data-element_type=\"column\">\n\t\t\t<div class=\"elementor-widget-wrap elementor-element-populated\">\n\t\t\t\t\t\t\t\t<div class=\"elementor-element elementor-element-653e6d6 elementor-widget elementor-widget-spacer\" data-id=\"653e6d6\" data-element_type=\"widget\" data-widget_type=\"spacer.default\">\n\t\t\t\t<div class=\"elementor-widget-container\">\n\t\t\t\t\t<div class=\"elementor-spacer\">\n\t\t\t<div class=\"elementor-spacer-inner\"><\/div>\n\t\t<\/div>\n\t\t\t\t<\/div>\n\t\t\t\t<\/div>\n\t\t\t\t\t<\/div>\n\t\t<\/div>\n\t\t\t\t\t\t\t<\/div>\n\t\t<\/section>\n\t\t\t\t<section class=\"elementor-section elementor-top-section elementor-element elementor-element-bc8b150 elementor-section-full_width elementor-section-height-default elementor-section-height-default wpr-particle-no wpr-jarallax-no wpr-parallax-no wpr-sticky-section-no\" data-id=\"bc8b150\" data-element_type=\"section\">\n\t\t\t\t\t\t<div class=\"elementor-container elementor-column-gap-default\">\n\t\t\t\t\t<div class=\"elementor-column elementor-col-100 elementor-top-column elementor-element elementor-element-e7ec47d\" data-id=\"e7ec47d\" data-element_type=\"column\">\n\t\t\t<div class=\"elementor-widget-wrap elementor-element-populated\">\n\t\t\t\t\t\t\t\t<div class=\"elementor-element elementor-element-101dcdf elementor-widget elementor-widget-text-editor\" data-id=\"101dcdf\" data-element_type=\"widget\" data-widget_type=\"text-editor.default\">\n\t\t\t\t<div class=\"elementor-widget-container\">\n\t\t\t<style>\/*! elementor - v3.17.0 - 08-11-2023 *\/\n.elementor-widget-text-editor.elementor-drop-cap-view-stacked .elementor-drop-cap{background-color:#69727d;color:#fff}.elementor-widget-text-editor.elementor-drop-cap-view-framed .elementor-drop-cap{color:#69727d;border:3px solid;background-color:transparent}.elementor-widget-text-editor:not(.elementor-drop-cap-view-default) .elementor-drop-cap{margin-top:8px}.elementor-widget-text-editor:not(.elementor-drop-cap-view-default) .elementor-drop-cap-letter{width:1em;height:1em}.elementor-widget-text-editor .elementor-drop-cap{float:left;text-align:center;line-height:1;font-size:50px}.elementor-widget-text-editor .elementor-drop-cap-letter{display:inline-block}<\/style>\t\t\t\t<p>MENTIONS LEGALES :<\/p>\n<p>En conformit\u00e9 aux dispositions des articles 6-III et 19 de la Loi numero 2004-575 du 21 juin 2004 concer\u00e7ant la Confiance dans l&rsquo;\u00e9conomie num\u00e9rique, dite L.C.E.N., nous portons \u00e0 la connaissance des visiteurs du site : <a href=\"https:\/\/diane.piranda@gmail.com\/\" target=\"_blank\" rel=\"noopener\">diane.piranda@gmail.com<\/a>Ces donn\u00e9es ci-jointe :<\/p>\n<p><\/p>\n<p><strong>1. Donn\u00e9es l\u00e9gales :<\/strong><\/p>\n<p>Titulaire : <strong>Diane Piranda<\/strong><br>Adresse de localisation du titulaire : <strong>Besan\u00e7on<\/strong><\/p>\n<p>Le Fabriquant du site suivant : <strong>Piranda Diane<\/strong><br>D\u00e9cideur de la publication : <strong>Piranda Diane<\/strong><br>Ou entrer en contact avec le Responsable de la publication : <strong>diane.piranda@gmail.com<\/strong><\/p>\n<p>Le Concepteur est : <strong>Piranda Diane<\/strong><br>De quelle fa\u00e7on entrer en contact avec le Webmaster : <strong><a href=\"mailto:diane.piranda@gmail.com?subject=Contact%20a%20partir%20des%20mentions%20l%C3%A9gales%20via%20le%20site%20diane.piranda@gmail.com\">diane.piranda@gmail.com<\/a><\/strong><\/p>\n<p>L&rsquo;hebergeur du site est : OVH<br>SAS au capital social de 10 174 560 Euros<br>RCS Lille M\u00e9tropole 424 761 419 00045<br>Nomenclature APE 2620Z<br>N*TVA : FR 22 424 761 419<br>Si\u00e8ge Sociale de l&rsquo;h\u00e9bergeur : 2 rue Kellermann &#8211; 59100 Roubaix &#8211; France<\/p>\n<p>Les Mentions L\u00e9gales ont \u00e9t\u00e9 g\u00e9n\u00e9r\u00e9es via <strong><a href=\"https:\/\/www.generateur-de-mentions-legales.com\/\" target=\"_blank\" rel=\"noopener\">cet outil<\/a><\/strong><\/p>\n<p><\/p>\n<p><\/p>\n<p><strong>2. Pr\u00e9sentation et principe :<\/strong><\/p>\n<p>Tout internaute qui se connecte et utilise le site : <a href=\"https:\/\/diane.piranda@gmail.com\/\" target=\"_blank\" rel=\"noopener\">diane.piranda@gmail.com<\/a> est consid\u00e9r\u00e9 comme utilisateur du site web.<br>Le site <strong>diane.piranda@gmail.com<\/strong> regroupe un ensemble de services, en l&rsquo;\u00e9tat, mis \u00e0 la disposition des utilisateur. Il est naturellement pr\u00e9cis\u00e9 que ceux-ci doivent rester courtois et faire preuve de bonne foi tant envers les autres utilisateurs qu&rsquo;envers le D\u00e9veloppeur du site diane.piranda@gmail.com. Le site diane.piranda@gmail.com est mis \u00e0 jour r\u00e9guli\u00e8rement par Piranda Diane.<br>Piranda Diane s&rsquo;efforce d&rsquo;indiqu\u00e9 sur le site web diane.piranda@gmail.com des informations les plus v\u00e9ridiques possibles (sous r\u00e9serve de modifications), mais ne peuvent certifier l&rsquo;exactitude, la finitude et les informations r\u00e9pandu sur son site, qu&rsquo;elles soient ou non de son fait. En cons\u00e9quence, l&rsquo;utilisateur reconna\u00eet utiliser ces informations donn\u00e9es (\u00e0 titre indicatif, non exhaustives et susceptibles d&rsquo;\u00e9voluer) sous sa responsabilit\u00e9 exclusive.<\/p>\n<p><\/p>\n<p><strong>3. Accessibilit\u00e9 :<\/strong><\/p>\n<p>Le site suivant diane.piranda@gmail.com est habituellement accessible aux utilisateurs 24\/24h, 7\/7j, except\u00e9 en cas de maintenance, programm\u00e9e ou pas, pour les besoins de la maintenance ou force majeure. En cas d&rsquo;impossibilit\u00e9 d&rsquo;acc\u00e8s au service, diane.piranda@gmail.com se devouera \u00e0 faire de son mieux pour r\u00e9tablir l&rsquo;acc\u00e8s au site web et s&rsquo;efforcera alors d&rsquo;informer au pr\u00e9alable aux utilisateurs Dates &amp; heures de l&rsquo;interruption. N&rsquo;\u00e9tant soumis qu&rsquo;\u00e0 une obligation de moyen, diane.piranda@gmail.com ne pourrait \u00eatre tenu pour responsable des dommages, quelle qu&rsquo;en soit la nature, r\u00e9sultant d&rsquo;une indisponibilit\u00e9 du service<\/p>\n<p><\/p>\n<p><strong>4. Droit de propri\u00e9t\u00e9 intellectuelle :<\/strong><\/p>\n<p>Piranda Diane est propri\u00e9taire unique de tous les droits de propri\u00e9t\u00e9 intellectuelle ou d\u00e9tient les droits et autorisations d&rsquo;usage sur tous les \u00e9l\u00e9ments accessibles sur le site web, tant structurellement que sur les textes, , graphismes, logo, bande sonore, logicielsetc\u2026<br>Toute reproduction totale ou partielle du site web diane.piranda@gmail.com, affichage, modification, adaptation totalement ou partiellement de l&rsquo;un de ces \u00e9l\u00e9ments, peu importe le moyen ou la technique utilis\u00e9, est strictementinterdite, sauf acceptation pr\u00e9alable de Piranda Diane, responsable du site web m\u00eame partielle du site diane.piranda@gmail.com, affichage, modification, adaptation totalement ou partiellement de l&rsquo;un quelconque de ces \u00e9l\u00e9ments, quel que soit le moyen ou le proc\u00e9d\u00e9 utilis\u00e9, est strictementinterdite, sauf autorisation pr\u00e9alable de Piranda Diane, propri\u00e9taire du site internet \u00e0 l&#8217;email : diane.piranda@gmail.com, \u00e0 d\u00e9faut elle sera consid\u00e9r\u00e9e comme constitutive d&rsquo;une contrefa\u00e7on et passible de poursuite d&rsquo;apr\u00e8s les dispositions des multiples articles L.335-2 et suivants du Code de Propri\u00e9t\u00e9 Intellectuelle.<\/p>\n<p><strong>5. Liens hypertextes et cookies :<\/strong><\/p>\n<p>Le site suivant diane.piranda@gmail.com comporte diff\u00e9rents URL hypertextes vers plusieurs sites web (partenaires, sites sources etc) mis en ligne suite \u00e0 l&rsquo;autorisation de Piranda Diane<a href=\"https:\/\/www.generateur-de-mentions-legales.com\/\"><span style=\"color: #000000;\">.<\/span><\/a> Cependant, Piranda Diane n&rsquo;a pas la possibilit\u00e9 de controler l&rsquo;ensemble du contenu des sites consult\u00e9s et d\u00e9cline donc toute responsabilit\u00e9 de de cette fa\u00e7on concernant les eventuels risques de contenus interdits.<br>L&rsquo;utilisateur est tenu inform\u00e9 que durant de ses utilisatations sur le site internet diane.piranda@gmail.com, un ou plusieurs cookies sont capable de s&rsquo;installer automatiquement sur son ordinateur en utilisant son logiciel de navigation. Un cookie est un ensemble de donn\u00e9es informatique qui ne permettra jamais de savoir qui l&rsquo;utilise, n\u00e9anmoins qui enregistre des renseignements concernant la navigation de l&rsquo;usager sur le site web.&nbsp;<br>Le param\u00e9trage du logiciel de navigation tol\u00e8re de renseigner de la pr\u00e9sence de cookie et \u00e9ventuellement, de la contester de la mani\u00e8re expliqu\u00e9e \u00e0 cette adresse suivante : <a href=\"https:\/\/www.diane.piranda@gmail.com\/\">www.diane.piranda@gmail.com<\/a>. L&rsquo;utilisateur \u00e0 la possibilit\u00e9 toutefois de param\u00e9trer le navigateur de son ordinateur de fa\u00e7on \u00e0 contester la mise en place des cookies, sachant que le rebut d&rsquo;installation d&rsquo;un cookie pourrait potentiellement entra\u00eener l&rsquo;impossibilit\u00e9 d&rsquo;avoir acc\u00e8s \u00e0 plusieurs services. Pour tout blocage des cookies, recherchez dans le moteur de recherche : blocage des cookies et suivez les explications en lien avec votre version de navigateur.<\/p>\n<p><strong>6. Protection des personnes &amp; biens &#8211; Maniement des donn\u00e9es personnelles :<\/strong><\/p>\n<p>En France, les donn\u00e9es personnelles sont notamment prot\u00e9g\u00e9es par la loi n\u00b0 78-87 du 6 janvier 1978 ainsi que la loi n\u00b0 2004-801 du 6 ao\u00fbt 2004, l&rsquo;article L. 226-13 du Code p\u00e9nal ainsi que la Directive Europ\u00e9enne datant du 24 octobre 1995.<\/p>\n<p><\/p>\n<p>Sur le site web diane.piranda@gmail.com, Piranda Diane ne collecte pas d&rsquo;informations personnelles ( suivant l&rsquo;article 4 loi n\u00b078-17 du 06 janvier 1978) concernant l&rsquo;utilisateur que pour la n\u00e9c\u00e9ssit\u00e9 de diff\u00e9rents services offerts par le site suivant diane.piranda@gmail.com. L&rsquo;utilisateur donne ces informations en toute conscience de cause, particuli\u00e8rement quand il proc\u00e8de de lui-m\u00eame \u00e0 leur saisie. Il est alors r\u00e9sum\u00e9 \u00e0 l&rsquo;usag\u00e9 du site diane.piranda@gmail.com le devoir ou non de mentionner ces informations.<br>En conformit\u00e9 avec les agencements des articles 38 et autres de la loi 78-17 du 6 janvier 1978 en lien avec l&rsquo;informatique, aux fichiers et aux libert\u00e9s, tout utilisateur dispose d&rsquo;un droit d&rsquo;acc\u00e8s , de rectification, de suppression et d&rsquo;opposition aux informations personnelles le concernant. Pour l&rsquo;exercer, adressez une requ\u00eate \u00e0 diane.piranda@gmail.com par email : <strong><a href=\"mailto:diane.piranda@gmail.com?subject=Contact%20%C3%A0%20partir%20des%20mentions%20l%C3%A9gales%20via%20le%20site%20diane.piranda@gmail.com\">diane.piranda@gmail.com<\/a><\/strong> ou&nbsp;par lettre manuscrite&nbsp;d\u00fbement sign\u00e9e, accompagn\u00e9e d&rsquo;une copie du titre d&rsquo;identit\u00e9 avec signature du titulaire du document, en pr\u00e9cisant l&rsquo;adresse \u00e0 laquelle la r\u00e9ponse doit \u00eatre envoy\u00e9e.<\/p>\n<p>Aucune information personnelle de l&rsquo;utilisateur du site interne diane.piranda@gmail.com n&rsquo;est publi\u00e9e \u00e0 l&rsquo;insu de l&rsquo;utilisateur, troqu\u00e9e, transmise, c\u00e9d\u00e9e sur un support quelconque \u00e0 des tiers. Seulement l&rsquo;hypoth\u00e8se du rachat du site interne diane.piranda@gmail.com et de tout ses droits en autorise Piranda Diane \u00e0 joindre les informations \u00e0 l&rsquo; acqu\u00e9reur qui serait alors lui-m\u00eame tenu&nbsp;\u00e0 la m\u00eame n\u00e9c\u00e9ssit\u00e9 de conservation et de modification des donn\u00e9es concernant l&rsquo;utilisateur du site interne diane.piranda@gmail.com.<br>Le site interne diane.piranda@gmail.com est en conformit\u00e9 avec le RGPD consulter notre politique RGPD.<\/p>\n<p>Les bases de donn\u00e9es sont s\u00e9curis\u00e9es par les dispositions de la loi du 1er juillet 1998 transposant ainsi la directive 96\/9 du 11 mars 1996 concernant la protection juridique des BDD (bases de donn\u00e9es).<\/p>\t\t\t\t\t\t<\/div>\n\t\t\t\t<\/div>\n\t\t\t\t\t<\/div>\n\t\t<\/div>\n\t\t\t\t\t\t\t<\/div>\n\t\t<\/section>\n\t\t\t\t<section class=\"elementor-section elementor-top-section elementor-element elementor-element-62f8f2b elementor-section-boxed elementor-section-height-default elementor-section-height-default wpr-particle-no wpr-jarallax-no wpr-parallax-no wpr-sticky-section-no\" data-id=\"62f8f2b\" data-element_type=\"section\">\n\t\t\t\t\t\t<div class=\"elementor-container elementor-column-gap-default\">\n\t\t\t\t\t<div class=\"elementor-column elementor-col-100 elementor-top-column elementor-element elementor-element-699847f\" data-id=\"699847f\" data-element_type=\"column\">\n\t\t\t<div class=\"elementor-widget-wrap elementor-element-populated\">\n\t\t\t\t\t\t\t\t<div class=\"elementor-element elementor-element-2164a4b elementor-widget elementor-widget-spacer\" data-id=\"2164a4b\" data-element_type=\"widget\" data-widget_type=\"spacer.default\">\n\t\t\t\t<div class=\"elementor-widget-container\">\n\t\t\t\t\t<div class=\"elementor-spacer\">\n\t\t\t<div class=\"elementor-spacer-inner\"><\/div>\n\t\t<\/div>\n\t\t\t\t<\/div>\n\t\t\t\t<\/div>\n\t\t\t\t\t<\/div>\n\t\t<\/div>\n\t\t\t\t\t\t\t<\/div>\n\t\t<\/section>\n\t\t\t\t\t\t\t<\/div>\n\t\t","protected":false},"excerpt":{"rendered":"<p>informationsl\u00e9gales. MENTIONS LEGALES : En conformit\u00e9 aux dispositions des articles 6-III et 19 de la Loi numero 2004-575 du 21 juin 2004 concer\u00e7ant la Confiance dans l&rsquo;\u00e9conomie num\u00e9rique, dite L.C.E.N., nous portons \u00e0 la connaissance des visiteurs du site : diane.piranda@gmail.comCes donn\u00e9es ci-jointe : 1. Donn\u00e9es l\u00e9gales : Titulaire : Diane PirandaAdresse de localisation du [&hellip;]<\/p>\n","protected":false},"author":1,"featured_media":0,"parent":0,"menu_order":0,"comment_status":"closed","ping_status":"closed","template":"","meta":{"footnotes":""},"class_list":["post-2035","page","type-page","status-publish","hentry"],"_links":{"self":[{"href":"https:\/\/diane-piranda.fr\/index.php\/wp-json\/wp\/v2\/pages\/2035","targetHints":{"allow":["GET"]}}],"collection":[{"href":"https:\/\/diane-piranda.fr\/index.php\/wp-json\/wp\/v2\/pages"}],"about":[{"href":"https:\/\/diane-piranda.fr\/index.php\/wp-json\/wp\/v2\/types\/page"}],"author":[{"embeddable":true,"href":"https:\/\/diane-piranda.fr\/index.php\/wp-json\/wp\/v2\/users\/1"}],"replies":[{"embeddable":true,"href":"https:\/\/diane-piranda.fr\/index.php\/wp-json\/wp\/v2\/comments?post=2035"}],"version-history":[{"count":4,"href":"https:\/\/diane-piranda.fr\/index.php\/wp-json\/wp\/v2\/pages\/2035\/revisions"}],"predecessor-version":[{"id":2039,"href":"https:\/\/diane-piranda.fr\/index.php\/wp-json\/wp\/v2\/pages\/2035\/revisions\/2039"}],"wp:attachment":[{"href":"https:\/\/diane-piranda.fr\/index.php\/wp-json\/wp\/v2\/media?parent=2035"}],"curies":[{"name":"wp","href":"https:\/\/api.w.org\/{rel}","templated":true}]}}